{"id":659,"date":"2024-08-27T17:02:30","date_gmt":"2024-08-27T21:02:30","guid":{"rendered":"http:\/\/refuge-des-collines.local\/chalets\/"},"modified":"2024-11-12T11:29:07","modified_gmt":"2024-11-12T16:29:07","slug":"chalets","status":"publish","type":"page","link":"https:\/\/refugesdescollines.ca\/en\/chalets\/","title":{"rendered":"Our chalets"},"content":{"rendered":"\n<section class=\"wp-block-group alignfull hero_bloc min_height is-layout-constrained wp-block-group-is-layout-constrained\">\n<figure class=\"wp-block-image alignfull size-large\" id=\"image_banner\"><img decoding=\"async\" width=\"1024\" height=\"310\" data-src=\"https:\/\/refugesdescollines.ca\/wp-content\/uploads\/2024\/08\/chalets2-1024x310.png\" alt=\"\" class=\"wp-image-213 lazyload\" data-srcset=\"https:\/\/refugesdescollines.ca\/wp-content\/uploads\/2024\/08\/chalets2-1024x310.png 1024w, https:\/\/refugesdescollines.ca\/wp-content\/uploads\/2024\/08\/chalets2-300x91.png 300w, https:\/\/refugesdescollines.ca\/wp-content\/uploads\/2024\/08\/chalets2-768x233.png 768w, https:\/\/refugesdescollines.ca\/wp-content\/uploads\/2024\/08\/chalets2-1536x466.png 1536w, https:\/\/refugesdescollines.ca\/wp-content\/uploads\/2024\/08\/chalets2.png 1920w\" data-sizes=\"(max-width: 1024px) 100vw, 1024px\" src=\"data:image\/svg+xml;base64,PHN2ZyB3aWR0aD0iMSIgaGVpZ2h0PSIxIiB4bWxucz0iaHR0cDovL3d3dy53My5vcmcvMjAwMC9zdmciPjwvc3ZnPg==\" style=\"--smush-placeholder-width: 1024px; --smush-placeholder-aspect-ratio: 1024\/310;\" \/><\/figure>\n\n\n\n<div class=\"wp-block-group alignfull content_hero center_position_wrapper is-layout-constrained wp-block-group-is-layout-constrained\">\n<h3 class=\"wp-block-heading titre_banner center_position\">Our chalets<\/h3>\n<\/div>\n<\/section>\n\n\n\n<section class=\"wp-block-group alignfull container_chalets_list is-layout-constrained wp-block-group-is-layout-constrained\">\n    \n\n        <div class=\"wrapper_chalets_list gris alignfull wp-block-acf-block-list-chalets\" \">\n<div class=\" wrapper_content_chalet\">\n            <div class=\" chalets_list_left\">\n                <h4>Lac McGregor<\/h4>\n                <p>\n                    Le chalet Lac McGregor est con\u00e7u pour un acc\u00e8s pratique et facile, avec une entr\u00e9e situ\u00e9e \u00e0 l\u2019arri\u00e8re donnant directement sur un espace bureau accueillant et lumineux. Sans escaliers \u00e0 franchir pour y acc\u00e9der, ce chalet est id\u00e9al pour tous les visiteurs. Dans le salon, un coin lecture confortable vous invite \u00e0 la d\u00e9tente, entour\u00e9 par de grandes fen\u00eatres offrant une vue imprenable sur le bois\u00e9 environnant. Profitez d\u2019un s\u00e9jour en pleine nature, dans un cadre paisible et intime.\r\n\r\n                <\/p>\n                <div class=\"calendar_container\">\n                    <div class=\"inner\" data-reservations='[\"2026-04-15\",\"2026-04-16\",\"2026-04-17\",\"2026-04-18\",\"2026-04-19\",\"2026-04-22\",\"2026-04-23\",\"2026-04-24\",\"2026-04-25\",\"2026-05-01\",\"2026-05-02\",\"2026-05-07\",\"2026-05-08\",\"2026-05-09\",\"2026-05-16\",\"2026-05-17\",\"2026-05-18\",\"2026-05-19\",\"2026-05-21\",\"2026-05-22\",\"2026-05-23\",\"2026-05-29\",\"2026-05-30\",\"2026-07-08\",\"2026-07-09\",\"2026-07-11\",\"2026-07-12\"]'><\/div>\n                <\/div>\n                                    <a class=\"button\"\n                        href=\"https:\/\/refugesdescollines.ca\/en\/chalets\/lac-mcgregor\/\">LEARN MORE<\/a>\n                \n            <\/div>\n            <div class=\"chalets_list_right\">\n                <div class=\"image_chalet image-fixed-animation\">\n\n                    <img decoding=\"async\" width=\"6000\" height=\"4000\" data-src=\"https:\/\/refugesdescollines.ca\/wp-content\/uploads\/2024\/08\/hero-min.png\" class=\"attachment-full size-full wp-post-image lazyload\" alt=\"\" data-srcset=\"https:\/\/refugesdescollines.ca\/wp-content\/uploads\/2024\/08\/hero-min.png 6000w, https:\/\/refugesdescollines.ca\/wp-content\/uploads\/2024\/08\/hero-min-300x200.png 300w, https:\/\/refugesdescollines.ca\/wp-content\/uploads\/2024\/08\/hero-min-1024x683.png 1024w, https:\/\/refugesdescollines.ca\/wp-content\/uploads\/2024\/08\/hero-min-768x512.png 768w, https:\/\/refugesdescollines.ca\/wp-content\/uploads\/2024\/08\/hero-min-1536x1024.png 1536w, https:\/\/refugesdescollines.ca\/wp-content\/uploads\/2024\/08\/hero-min-2048x1365.png 2048w\" data-sizes=\"(max-width: 6000px) 100vw, 6000px\" src=\"data:image\/svg+xml;base64,PHN2ZyB3aWR0aD0iMSIgaGVpZ2h0PSIxIiB4bWxucz0iaHR0cDovL3d3dy53My5vcmcvMjAwMC9zdmciPjwvc3ZnPg==\" style=\"--smush-placeholder-width: 6000px; --smush-placeholder-aspect-ratio: 6000\/4000;\" \/>\n                <\/div>\n            <\/div>\n        <\/div>\n\n        <\/div>\n\n\n    \n\n        <div class=\"wrapper_chalets_list noir alignfull wp-block-acf-block-list-chalets\" \">\n<div class=\" wrapper_content_chalet\">\n            <div class=\" chalets_list_left\">\n                <h4>Parc de la Gatineau<\/h4>\n                <p>\n                    Situ\u00e9 au niveau de la rue, le chalet Parc de la Gatineau est facile d\u2019acc\u00e8s et simple \u00e0 rep\u00e9rer. Quelques marches suffisent pour atteindre l\u2019entr\u00e9e, o\u00f9 une fa\u00e7ade charmante orn\u00e9e d\u2019un muret de roche ajoute un cachet unique \u00e0 ce lieu accueillant. Ce chalet vous offre un cadre chaleureux et pratique pour un s\u00e9jour en toute simplicit\u00e9, avec le l\u00e9ger caract\u00e8re distinctif qui le rend si sp\u00e9cial.                <\/p>\n                <div class=\"calendar_container\">\n                    <div class=\"inner\" data-reservations='[\"2026-04-13\",\"2026-04-14\",\"2026-04-15\",\"2026-04-16\",\"2026-04-17\",\"2026-04-18\",\"2026-04-19\",\"2026-04-20\",\"2026-04-24\",\"2026-04-25\",\"2026-04-26\",\"2026-04-27\",\"2026-04-30\",\"2026-05-01\",\"2026-05-07\",\"2026-05-08\",\"2026-05-16\",\"2026-05-17\",\"2026-05-20\",\"2026-05-21\",\"2026-05-22\",\"2026-05-23\",\"2026-05-24\",\"2026-05-25\",\"2026-06-01\",\"2026-06-02\",\"2026-06-05\",\"2026-06-06\",\"2026-06-12\",\"2026-06-13\",\"2026-06-30\",\"2026-07-01\",\"2026-07-02\",\"2026-07-03\",\"2026-07-04\",\"2026-07-09\",\"2026-07-10\",\"2026-07-11\",\"2026-07-09\",\"2026-07-10\",\"2026-07-11\",\"2026-07-15\",\"2026-07-16\",\"2026-07-17\",\"2026-07-18\",\"2026-07-19\",\"2026-07-24\",\"2026-07-25\",\"2026-07-26\",\"2026-07-27\",\"2026-08-17\",\"2026-08-18\",\"2026-08-19\",\"2026-08-20\",\"2026-08-29\",\"2026-08-30\",\"2026-08-31\",\"2026-09-01\",\"2026-09-04\",\"2026-09-05\",\"2026-09-06\",\"2026-09-15\",\"2026-09-16\",\"2026-09-28\",\"2026-09-29\",\"2026-10-09\",\"2026-10-10\",\"2026-10-15\",\"2026-10-16\",\"2026-11-19\",\"2026-11-20\",\"2026-11-21\"]'><\/div>\n                <\/div>\n                                    <a class=\"button\"\n                        href=\"https:\/\/refugesdescollines.ca\/en\/chalets\/parc-de-la-gatineau\/\">LEARN MORE<\/a>\n                \n            <\/div>\n            <div class=\"chalets_list_right\">\n                <div class=\"image_chalet image-fixed-animation\">\n\n                    <img decoding=\"async\" width=\"2560\" height=\"1707\" data-src=\"https:\/\/refugesdescollines.ca\/wp-content\/uploads\/2024\/09\/IMG_6940-scaled.jpg\" class=\"attachment-full size-full wp-post-image lazyload\" alt=\"\" data-srcset=\"https:\/\/refugesdescollines.ca\/wp-content\/uploads\/2024\/09\/IMG_6940-scaled.jpg 2560w, https:\/\/refugesdescollines.ca\/wp-content\/uploads\/2024\/09\/IMG_6940-300x200.jpg 300w, https:\/\/refugesdescollines.ca\/wp-content\/uploads\/2024\/09\/IMG_6940-1024x683.jpg 1024w, https:\/\/refugesdescollines.ca\/wp-content\/uploads\/2024\/09\/IMG_6940-768x512.jpg 768w, https:\/\/refugesdescollines.ca\/wp-content\/uploads\/2024\/09\/IMG_6940-1536x1024.jpg 1536w, https:\/\/refugesdescollines.ca\/wp-content\/uploads\/2024\/09\/IMG_6940-2048x1365.jpg 2048w, https:\/\/refugesdescollines.ca\/wp-content\/uploads\/2024\/09\/IMG_6940-120x80.jpg 120w\" data-sizes=\"(max-width: 2560px) 100vw, 2560px\" src=\"data:image\/svg+xml;base64,PHN2ZyB3aWR0aD0iMSIgaGVpZ2h0PSIxIiB4bWxucz0iaHR0cDovL3d3dy53My5vcmcvMjAwMC9zdmciPjwvc3ZnPg==\" style=\"--smush-placeholder-width: 2560px; --smush-placeholder-aspect-ratio: 2560\/1707;\" \/>\n                <\/div>\n            <\/div>\n        <\/div>\n\n        <\/div>\n\n\n    \n\n        <div class=\"wrapper_chalets_list gris alignfull wp-block-acf-block-list-chalets\" \">\n<div class=\" wrapper_content_chalet\">\n            <div class=\" chalets_list_left\">\n                <h4>Belv\u00e9daire Champlain<\/h4>\n                <p>\n                    Perch\u00e9 au sommet d\u2019une petite colline, le chalet Belv\u00e9d\u00e8re Champlain offre une intimit\u00e9 suppl\u00e9mentaire en \u00e9tant l\u00e9g\u00e8rement en retrait. Accessible par un escalier, il permet de profiter d\u2019une vue en hauteur exceptionnelle sur le paysage environnant. Ce cadre unique vous garantit un s\u00e9jour empreint de tranquillit\u00e9, avec une perspective imprenable qui ajoute au charme de ce chalet.                <\/p>\n                <div class=\"calendar_container\">\n                    <div class=\"inner\" data-reservations='[\"2026-04-12\",\"2026-04-13\",\"2026-04-14\",\"2026-04-15\",\"2026-04-16\",\"2026-04-17\",\"2026-04-18\",\"2026-04-19\",\"2026-04-20\",\"2026-04-21\",\"2026-04-22\",\"2026-04-23\",\"2026-04-24\",\"2026-04-25\",\"2026-04-27\",\"2026-04-28\",\"2026-04-29\",\"2026-04-30\",\"2026-05-01\",\"2026-05-02\",\"2026-05-08\",\"2026-05-09\",\"2026-05-10\",\"2026-05-12\",\"2026-05-13\",\"2026-05-15\",\"2026-05-16\",\"2026-05-21\",\"2026-05-22\",\"2026-05-23\",\"2026-05-24\",\"2026-06-06\",\"2026-06-07\",\"2026-06-12\",\"2026-06-13\",\"2026-06-29\",\"2026-06-30\",\"2026-08-04\",\"2026-08-05\",\"2026-08-06\",\"2026-08-07\",\"2026-08-08\",\"2026-08-24\",\"2026-08-25\",\"2026-08-26\",\"2026-08-28\",\"2026-08-29\",\"2026-08-30\",\"2026-09-05\",\"2026-09-06\",\"2026-09-07\",\"2026-09-08\",\"2026-10-09\",\"2026-10-10\",\"2026-10-11\",\"2026-10-15\",\"2026-10-16\",\"2026-10-17\"]'><\/div>\n                <\/div>\n                                    <a class=\"button\"\n                        href=\"https:\/\/refugesdescollines.ca\/en\/chalets\/belvedaire-champlain\/\">LEARN MORE<\/a>\n                \n            <\/div>\n            <div class=\"chalets_list_right\">\n                <div class=\"image_chalet image-fixed-animation\">\n\n                    <img decoding=\"async\" width=\"2560\" height=\"1707\" data-src=\"https:\/\/refugesdescollines.ca\/wp-content\/uploads\/2024\/09\/IMG_6499-scaled.jpg\" class=\"attachment-full size-full wp-post-image lazyload\" alt=\"\" data-srcset=\"https:\/\/refugesdescollines.ca\/wp-content\/uploads\/2024\/09\/IMG_6499-scaled.jpg 2560w, https:\/\/refugesdescollines.ca\/wp-content\/uploads\/2024\/09\/IMG_6499-300x200.jpg 300w, https:\/\/refugesdescollines.ca\/wp-content\/uploads\/2024\/09\/IMG_6499-1024x683.jpg 1024w, https:\/\/refugesdescollines.ca\/wp-content\/uploads\/2024\/09\/IMG_6499-768x512.jpg 768w, https:\/\/refugesdescollines.ca\/wp-content\/uploads\/2024\/09\/IMG_6499-1536x1024.jpg 1536w, https:\/\/refugesdescollines.ca\/wp-content\/uploads\/2024\/09\/IMG_6499-2048x1365.jpg 2048w, https:\/\/refugesdescollines.ca\/wp-content\/uploads\/2024\/09\/IMG_6499-120x80.jpg 120w\" data-sizes=\"(max-width: 2560px) 100vw, 2560px\" src=\"data:image\/svg+xml;base64,PHN2ZyB3aWR0aD0iMSIgaGVpZ2h0PSIxIiB4bWxucz0iaHR0cDovL3d3dy53My5vcmcvMjAwMC9zdmciPjwvc3ZnPg==\" style=\"--smush-placeholder-width: 2560px; --smush-placeholder-aspect-ratio: 2560\/1707;\" \/>\n                <\/div>\n            <\/div>\n        <\/div>\n\n        <\/div>\n\n\n    \n\n        <div class=\"wrapper_chalets_list vert alignfull wp-block-acf-block-list-chalets\" \">\n<div class=\" wrapper_content_chalet\">\n            <div class=\" chalets_list_left\">\n                <h4>Caverne Lafl\u00e8che<\/h4>\n                <p>\n                    Situ\u00e9 en contrebas et un peu plus \u00e9loign\u00e9 des autres, le chalet Caverne Lafl\u00e8che vous offre un cadre priv\u00e9 et tranquille, parfait pour une escapade en toute intimit\u00e9. Son emplacement plus bas, en retrait, permet une immersion totale dans la nature environnante, pour une exp\u00e9rience sereine et authentique. Profitez de cet espace unique qui allie confort et isolement, id\u00e9al pour se ressourcer en toute qui\u00e9tude.                <\/p>\n                <div class=\"calendar_container\">\n                    <div class=\"inner\" data-reservations='[\"2026-04-14\",\"2026-04-15\",\"2026-04-16\",\"2026-04-17\",\"2026-04-18\",\"2026-04-19\",\"2026-04-20\",\"2026-04-21\",\"2026-04-24\",\"2026-04-25\",\"2026-04-26\",\"2026-05-01\",\"2026-05-02\",\"2026-05-08\",\"2026-05-09\",\"2026-05-10\",\"2026-05-11\",\"2026-05-16\",\"2026-05-17\",\"2026-05-18\",\"2026-05-22\",\"2026-05-23\",\"2026-05-24\",\"2026-05-25\",\"2026-05-29\",\"2026-05-30\",\"2026-05-31\",\"2026-06-01\",\"2026-06-02\",\"2026-06-03\",\"2026-06-04\",\"2026-06-05\",\"2026-06-06\",\"2026-06-11\",\"2026-06-12\",\"2026-06-13\",\"2026-06-19\",\"2026-06-20\",\"2026-07-06\",\"2026-07-07\",\"2026-07-08\",\"2026-07-11\",\"2026-07-12\",\"2026-07-13\",\"2026-07-24\",\"2026-07-25\",\"2026-08-14\",\"2026-08-15\",\"2026-08-16\",\"2026-08-17\",\"2026-08-14\",\"2026-08-15\",\"2026-08-16\",\"2026-08-17\",\"2026-08-30\",\"2026-08-31\",\"2026-09-11\",\"2026-09-12\",\"2026-09-13\",\"2026-09-14\",\"2026-09-15\",\"2026-10-10\",\"2026-10-11\",\"2026-10-12\",\"2026-10-13\",\"2026-10-14\",\"2026-10-15\",\"2027-02-12\",\"2027-02-13\"]'><\/div>\n                <\/div>\n                                    <a class=\"button\"\n                        href=\"https:\/\/refugesdescollines.ca\/en\/chalets\/caverne-lafleche\/\">LEARN MORE<\/a>\n                \n            <\/div>\n            <div class=\"chalets_list_right\">\n                <div class=\"image_chalet image-fixed-animation\">\n\n                    <img decoding=\"async\" width=\"2560\" height=\"1707\" data-src=\"https:\/\/refugesdescollines.ca\/wp-content\/uploads\/2024\/06\/IMG_6917-scaled.jpg\" class=\"attachment-full size-full wp-post-image lazyload\" alt=\"\" data-srcset=\"https:\/\/refugesdescollines.ca\/wp-content\/uploads\/2024\/06\/IMG_6917-scaled.jpg 2560w, https:\/\/refugesdescollines.ca\/wp-content\/uploads\/2024\/06\/IMG_6917-300x200.jpg 300w, https:\/\/refugesdescollines.ca\/wp-content\/uploads\/2024\/06\/IMG_6917-1024x683.jpg 1024w, https:\/\/refugesdescollines.ca\/wp-content\/uploads\/2024\/06\/IMG_6917-768x512.jpg 768w, https:\/\/refugesdescollines.ca\/wp-content\/uploads\/2024\/06\/IMG_6917-1536x1024.jpg 1536w, https:\/\/refugesdescollines.ca\/wp-content\/uploads\/2024\/06\/IMG_6917-2048x1365.jpg 2048w, https:\/\/refugesdescollines.ca\/wp-content\/uploads\/2024\/06\/IMG_6917-120x80.jpg 120w\" data-sizes=\"(max-width: 2560px) 100vw, 2560px\" src=\"data:image\/svg+xml;base64,PHN2ZyB3aWR0aD0iMSIgaGVpZ2h0PSIxIiB4bWxucz0iaHR0cDovL3d3dy53My5vcmcvMjAwMC9zdmciPjwvc3ZnPg==\" style=\"--smush-placeholder-width: 2560px; --smush-placeholder-aspect-ratio: 2560\/1707;\" \/>\n                <\/div>\n            <\/div>\n        <\/div>\n\n        <\/div>\n\n\n    \n\n<\/section>\n","protected":false},"excerpt":{"rendered":"<p>Our chalets<\/p>\n","protected":false},"author":1,"featured_media":0,"parent":0,"menu_order":0,"comment_status":"closed","ping_status":"closed","template":"","meta":{"_acf_changed":false,"inline_featured_image":false,"footnotes":""},"class_list":["post-659","page","type-page","status-publish","hentry"],"acf":[],"yoast_head":"<!-- This site is optimized with the Yoast SEO plugin v27.2 - https:\/\/yoast.com\/product\/yoast-seo-wordpress\/ -->\n<title>Our chalets | Les Refuges des Collines<\/title>\n<meta name=\"robots\" content=\"index, follow, max-snippet:-1, max-image-preview:large, max-video-preview:-1\" \/>\n<link rel=\"canonical\" href=\"https:\/\/refugesdescollines.ca\/en\/chalets\/\" \/>\n<meta property=\"og:locale\" content=\"en_US\" \/>\n<meta property=\"og:type\" content=\"article\" \/>\n<meta property=\"og:title\" content=\"Our chalets | Les Refuges des Collines\" \/>\n<meta property=\"og:description\" content=\"Our chalets\" \/>\n<meta property=\"og:url\" content=\"https:\/\/refugesdescollines.ca\/en\/chalets\/\" \/>\n<meta property=\"og:site_name\" content=\"Les Refuges des Collines\" \/>\n<meta property=\"article:publisher\" content=\"https:\/\/www.facebook.com\/profile.php?id=61554270831800\" \/>\n<meta property=\"article:modified_time\" content=\"2024-11-12T16:29:07+00:00\" \/>\n<meta property=\"og:image\" content=\"https:\/\/refugesdescollines.ca\/wp-content\/uploads\/2024\/08\/chalets2-1024x310.png\" \/>\n<meta name=\"twitter:card\" content=\"summary_large_image\" \/>\n<meta name=\"twitter:label1\" content=\"Est. reading time\" \/>\n\t<meta name=\"twitter:data1\" content=\"1 minute\" \/>\n<script type=\"application\/ld+json\" class=\"yoast-schema-graph\">{\"@context\":\"https:\/\/schema.org\",\"@graph\":[{\"@type\":\"WebPage\",\"@id\":\"https:\/\/refugesdescollines.ca\/en\/chalets\/\",\"url\":\"https:\/\/refugesdescollines.ca\/en\/chalets\/\",\"name\":\"Our chalets | Les Refuges des Collines\",\"isPartOf\":{\"@id\":\"https:\/\/refugesdescollines.ca\/en\/#website\"},\"primaryImageOfPage\":{\"@id\":\"https:\/\/refugesdescollines.ca\/en\/chalets\/#primaryimage\"},\"image\":{\"@id\":\"https:\/\/refugesdescollines.ca\/en\/chalets\/#primaryimage\"},\"thumbnailUrl\":\"https:\/\/refugesdescollines.ca\/wp-content\/uploads\/2024\/08\/chalets2-1024x310.png\",\"datePublished\":\"2024-08-27T21:02:30+00:00\",\"dateModified\":\"2024-11-12T16:29:07+00:00\",\"breadcrumb\":{\"@id\":\"https:\/\/refugesdescollines.ca\/en\/chalets\/#breadcrumb\"},\"inLanguage\":\"en-US\",\"potentialAction\":[{\"@type\":\"ReadAction\",\"target\":[\"https:\/\/refugesdescollines.ca\/en\/chalets\/\"]}]},{\"@type\":\"ImageObject\",\"inLanguage\":\"en-US\",\"@id\":\"https:\/\/refugesdescollines.ca\/en\/chalets\/#primaryimage\",\"url\":\"https:\/\/refugesdescollines.ca\/wp-content\/uploads\/2024\/08\/chalets2-1024x310.png\",\"contentUrl\":\"https:\/\/refugesdescollines.ca\/wp-content\/uploads\/2024\/08\/chalets2-1024x310.png\"},{\"@type\":\"BreadcrumbList\",\"@id\":\"https:\/\/refugesdescollines.ca\/en\/chalets\/#breadcrumb\",\"itemListElement\":[{\"@type\":\"ListItem\",\"position\":1,\"name\":\"Home\",\"item\":\"https:\/\/refugesdescollines.ca\/en\/\"},{\"@type\":\"ListItem\",\"position\":2,\"name\":\"Our chalets\"}]},{\"@type\":\"WebSite\",\"@id\":\"https:\/\/refugesdescollines.ca\/en\/#website\",\"url\":\"https:\/\/refugesdescollines.ca\/en\/\",\"name\":\"Les Refuges des Collines | Chalets locatifs\",\"description\":\"Chalets Locatifs en Outaouais\",\"publisher\":{\"@id\":\"https:\/\/refugesdescollines.ca\/en\/#organization\"},\"potentialAction\":[{\"@type\":\"SearchAction\",\"target\":{\"@type\":\"EntryPoint\",\"urlTemplate\":\"https:\/\/refugesdescollines.ca\/en\/?s={search_term_string}\"},\"query-input\":{\"@type\":\"PropertyValueSpecification\",\"valueRequired\":true,\"valueName\":\"search_term_string\"}}],\"inLanguage\":\"en-US\"},{\"@type\":\"Organization\",\"@id\":\"https:\/\/refugesdescollines.ca\/en\/#organization\",\"name\":\"Les Refuges des Collines\",\"url\":\"https:\/\/refugesdescollines.ca\/en\/\",\"logo\":{\"@type\":\"ImageObject\",\"inLanguage\":\"en-US\",\"@id\":\"https:\/\/refugesdescollines.ca\/en\/#\/schema\/logo\/image\/\",\"url\":\"https:\/\/refugesdescollines.ca\/wp-content\/uploads\/2025\/05\/cropped-refuge_fav.png\",\"contentUrl\":\"https:\/\/refugesdescollines.ca\/wp-content\/uploads\/2025\/05\/cropped-refuge_fav.png\",\"width\":512,\"height\":512,\"caption\":\"Les Refuges des Collines\"},\"image\":{\"@id\":\"https:\/\/refugesdescollines.ca\/en\/#\/schema\/logo\/image\/\"},\"sameAs\":[\"https:\/\/www.facebook.com\/profile.php?id=61554270831800\"]}]}<\/script>\n<!-- \/ Yoast SEO plugin. -->","yoast_head_json":{"title":"Our chalets | Les Refuges des Collines","robots":{"index":"index","follow":"follow","max-snippet":"max-snippet:-1","max-image-preview":"max-image-preview:large","max-video-preview":"max-video-preview:-1"},"canonical":"https:\/\/refugesdescollines.ca\/en\/chalets\/","og_locale":"en_US","og_type":"article","og_title":"Our chalets | Les Refuges des Collines","og_description":"Our chalets","og_url":"https:\/\/refugesdescollines.ca\/en\/chalets\/","og_site_name":"Les Refuges des Collines","article_publisher":"https:\/\/www.facebook.com\/profile.php?id=61554270831800","article_modified_time":"2024-11-12T16:29:07+00:00","og_image":[{"url":"https:\/\/refugesdescollines.ca\/wp-content\/uploads\/2024\/08\/chalets2-1024x310.png","type":"","width":"","height":""}],"twitter_card":"summary_large_image","twitter_misc":{"Est. reading time":"1 minute"},"schema":{"@context":"https:\/\/schema.org","@graph":[{"@type":"WebPage","@id":"https:\/\/refugesdescollines.ca\/en\/chalets\/","url":"https:\/\/refugesdescollines.ca\/en\/chalets\/","name":"Our chalets | Les Refuges des Collines","isPartOf":{"@id":"https:\/\/refugesdescollines.ca\/en\/#website"},"primaryImageOfPage":{"@id":"https:\/\/refugesdescollines.ca\/en\/chalets\/#primaryimage"},"image":{"@id":"https:\/\/refugesdescollines.ca\/en\/chalets\/#primaryimage"},"thumbnailUrl":"https:\/\/refugesdescollines.ca\/wp-content\/uploads\/2024\/08\/chalets2-1024x310.png","datePublished":"2024-08-27T21:02:30+00:00","dateModified":"2024-11-12T16:29:07+00:00","breadcrumb":{"@id":"https:\/\/refugesdescollines.ca\/en\/chalets\/#breadcrumb"},"inLanguage":"en-US","potentialAction":[{"@type":"ReadAction","target":["https:\/\/refugesdescollines.ca\/en\/chalets\/"]}]},{"@type":"ImageObject","inLanguage":"en-US","@id":"https:\/\/refugesdescollines.ca\/en\/chalets\/#primaryimage","url":"https:\/\/refugesdescollines.ca\/wp-content\/uploads\/2024\/08\/chalets2-1024x310.png","contentUrl":"https:\/\/refugesdescollines.ca\/wp-content\/uploads\/2024\/08\/chalets2-1024x310.png"},{"@type":"BreadcrumbList","@id":"https:\/\/refugesdescollines.ca\/en\/chalets\/#breadcrumb","itemListElement":[{"@type":"ListItem","position":1,"name":"Home","item":"https:\/\/refugesdescollines.ca\/en\/"},{"@type":"ListItem","position":2,"name":"Our chalets"}]},{"@type":"WebSite","@id":"https:\/\/refugesdescollines.ca\/en\/#website","url":"https:\/\/refugesdescollines.ca\/en\/","name":"Les Refuges des Collines | Chalets locatifs","description":"Chalets Locatifs en Outaouais","publisher":{"@id":"https:\/\/refugesdescollines.ca\/en\/#organization"},"potentialAction":[{"@type":"SearchAction","target":{"@type":"EntryPoint","urlTemplate":"https:\/\/refugesdescollines.ca\/en\/?s={search_term_string}"},"query-input":{"@type":"PropertyValueSpecification","valueRequired":true,"valueName":"search_term_string"}}],"inLanguage":"en-US"},{"@type":"Organization","@id":"https:\/\/refugesdescollines.ca\/en\/#organization","name":"Les Refuges des Collines","url":"https:\/\/refugesdescollines.ca\/en\/","logo":{"@type":"ImageObject","inLanguage":"en-US","@id":"https:\/\/refugesdescollines.ca\/en\/#\/schema\/logo\/image\/","url":"https:\/\/refugesdescollines.ca\/wp-content\/uploads\/2025\/05\/cropped-refuge_fav.png","contentUrl":"https:\/\/refugesdescollines.ca\/wp-content\/uploads\/2025\/05\/cropped-refuge_fav.png","width":512,"height":512,"caption":"Les Refuges des Collines"},"image":{"@id":"https:\/\/refugesdescollines.ca\/en\/#\/schema\/logo\/image\/"},"sameAs":["https:\/\/www.facebook.com\/profile.php?id=61554270831800"]}]}},"_links":{"self":[{"href":"https:\/\/refugesdescollines.ca\/en\/wp-json\/wp\/v2\/pages\/659","targetHints":{"allow":["GET"]}}],"collection":[{"href":"https:\/\/refugesdescollines.ca\/en\/wp-json\/wp\/v2\/pages"}],"about":[{"href":"https:\/\/refugesdescollines.ca\/en\/wp-json\/wp\/v2\/types\/page"}],"author":[{"embeddable":true,"href":"https:\/\/refugesdescollines.ca\/en\/wp-json\/wp\/v2\/users\/1"}],"replies":[{"embeddable":true,"href":"https:\/\/refugesdescollines.ca\/en\/wp-json\/wp\/v2\/comments?post=659"}],"version-history":[{"count":1,"href":"https:\/\/refugesdescollines.ca\/en\/wp-json\/wp\/v2\/pages\/659\/revisions"}],"predecessor-version":[{"id":660,"href":"https:\/\/refugesdescollines.ca\/en\/wp-json\/wp\/v2\/pages\/659\/revisions\/660"}],"wp:attachment":[{"href":"https:\/\/refugesdescollines.ca\/en\/wp-json\/wp\/v2\/media?parent=659"}],"curies":[{"name":"wp","href":"https:\/\/api.w.org\/{rel}","templated":true}]}}